{"id":160,"date":"2025-05-08T02:40:44","date_gmt":"2025-05-08T02:40:44","guid":{"rendered":"https:\/\/villamarina.com.pa\/?page_id=160"},"modified":"2026-03-16T23:11:21","modified_gmt":"2026-03-16T23:11:21","slug":"terminos-y-condiciones","status":"publish","type":"page","link":"https:\/\/villamarina.com.pa\/en\/terminos-y-condiciones\/","title":{"rendered":"Terms and conditions"},"content":{"rendered":"","protected":false},"excerpt":{"rendered":"","protected":false},"author":3,"featured_media":0,"parent":0,"menu_order":0,"comment_status":"closed","ping_status":"closed","template":"elementor_header_footer","meta":{"footnotes":""},"class_list":["post-160","page","type-page","status-publish","hentry"],"yoast_head":"<!-- This site is optimized with the Yoast SEO plugin v27.1.1 - https:\/\/yoast.com\/product\/yoast-seo-wordpress\/ -->\n<title>T\u00e9rminos y condiciones - Villa Marina - Playa Venao Panama<\/title>\n<meta name=\"robots\" content=\"index, follow, max-snippet:-1, max-image-preview:large, max-video-preview:-1\" \/>\n<link rel=\"canonical\" href=\"https:\/\/villamarina.com.pa\/en\/terminos-y-condiciones\/\" \/>\n<meta property=\"og:locale\" content=\"en_US\" \/>\n<meta property=\"og:type\" content=\"article\" \/>\n<meta property=\"og:title\" content=\"T\u00e9rminos y condiciones - Villa Marina - Playa Venao Panama\" \/>\n<meta property=\"og:url\" content=\"https:\/\/villamarina.com.pa\/en\/terminos-y-condiciones\/\" \/>\n<meta property=\"og:site_name\" content=\"Villa Marina - Playa Venao Panama\" \/>\n<meta property=\"article:modified_time\" content=\"2026-03-16T23:11:21+00:00\" \/>\n<meta name=\"twitter:card\" content=\"summary_large_image\" \/>\n<script type=\"application\/ld+json\" class=\"yoast-schema-graph\">{\"@context\":\"https:\/\/schema.org\",\"@graph\":[{\"@type\":\"WebPage\",\"@id\":\"https:\/\/villamarina.com.pa\/terminos-y-condiciones\/\",\"url\":\"https:\/\/villamarina.com.pa\/terminos-y-condiciones\/\",\"name\":\"T\u00e9rminos y condiciones - Villa Marina - Playa Venao Panama\",\"isPartOf\":{\"@id\":\"https:\/\/villamarina.com.pa\/#website\"},\"datePublished\":\"2025-05-08T02:40:44+00:00\",\"dateModified\":\"2026-03-16T23:11:21+00:00\",\"breadcrumb\":{\"@id\":\"https:\/\/villamarina.com.pa\/terminos-y-condiciones\/#breadcrumb\"},\"inLanguage\":\"en-US\",\"potentialAction\":[{\"@type\":\"ReadAction\",\"target\":[\"https:\/\/villamarina.com.pa\/terminos-y-condiciones\/\"]}]},{\"@type\":\"BreadcrumbList\",\"@id\":\"https:\/\/villamarina.com.pa\/terminos-y-condiciones\/#breadcrumb\",\"itemListElement\":[{\"@type\":\"ListItem\",\"position\":1,\"name\":\"Inicio\",\"item\":\"https:\/\/villamarina.com.pa\/\"},{\"@type\":\"ListItem\",\"position\":2,\"name\":\"T\u00e9rminos y condiciones\"}]},{\"@type\":\"WebSite\",\"@id\":\"https:\/\/villamarina.com.pa\/#website\",\"url\":\"https:\/\/villamarina.com.pa\/\",\"name\":\"Villa Marina - Playa Venao Panama\",\"description\":\"Descubre Villa Marina en Playa Venao, Panam\u00e1. Hotel frente al mar con piscina, actividades y condos. Reserva tu estad\u00eda y vive una experiencia \u00fanica.\",\"publisher\":{\"@id\":\"https:\/\/villamarina.com.pa\/#organization\"},\"potentialAction\":[{\"@type\":\"SearchAction\",\"target\":{\"@type\":\"EntryPoint\",\"urlTemplate\":\"https:\/\/villamarina.com.pa\/?s={search_term_string}\"},\"query-input\":{\"@type\":\"PropertyValueSpecification\",\"valueRequired\":true,\"valueName\":\"search_term_string\"}}],\"inLanguage\":\"en-US\"},{\"@type\":\"Organization\",\"@id\":\"https:\/\/villamarina.com.pa\/#organization\",\"name\":\"Villa Marina - Playa Venao Panama\",\"url\":\"https:\/\/villamarina.com.pa\/\",\"logo\":{\"@type\":\"ImageObject\",\"inLanguage\":\"en-US\",\"@id\":\"https:\/\/villamarina.com.pa\/#\/schema\/logo\/image\/\",\"url\":\"https:\/\/villamarina.com.pa\/wp-content\/uploads\/2025\/06\/VM_Logotipo_Hotel_RGB_1-S.png\",\"contentUrl\":\"https:\/\/villamarina.com.pa\/wp-content\/uploads\/2025\/06\/VM_Logotipo_Hotel_RGB_1-S.png\",\"width\":2466,\"height\":1240,\"caption\":\"Villa Marina - Playa Venao Panama\"},\"image\":{\"@id\":\"https:\/\/villamarina.com.pa\/#\/schema\/logo\/image\/\"}}]}<\/script>\n<!-- \/ Yoast SEO plugin. -->","yoast_head_json":{"title":"T\u00e9rminos y condiciones - Villa Marina - Playa Venao Panama","robots":{"index":"index","follow":"follow","max-snippet":"max-snippet:-1","max-image-preview":"max-image-preview:large","max-video-preview":"max-video-preview:-1"},"canonical":"https:\/\/villamarina.com.pa\/en\/terminos-y-condiciones\/","og_locale":"en_US","og_type":"article","og_title":"T\u00e9rminos y condiciones - Villa Marina - Playa Venao Panama","og_url":"https:\/\/villamarina.com.pa\/en\/terminos-y-condiciones\/","og_site_name":"Villa Marina - Playa Venao Panama","article_modified_time":"2026-03-16T23:11:21+00:00","twitter_card":"summary_large_image","schema":{"@context":"https:\/\/schema.org","@graph":[{"@type":"WebPage","@id":"https:\/\/villamarina.com.pa\/terminos-y-condiciones\/","url":"https:\/\/villamarina.com.pa\/terminos-y-condiciones\/","name":"T\u00e9rminos y condiciones - Villa Marina - Playa Venao Panama","isPartOf":{"@id":"https:\/\/villamarina.com.pa\/#website"},"datePublished":"2025-05-08T02:40:44+00:00","dateModified":"2026-03-16T23:11:21+00:00","breadcrumb":{"@id":"https:\/\/villamarina.com.pa\/terminos-y-condiciones\/#breadcrumb"},"inLanguage":"en-US","potentialAction":[{"@type":"ReadAction","target":["https:\/\/villamarina.com.pa\/terminos-y-condiciones\/"]}]},{"@type":"BreadcrumbList","@id":"https:\/\/villamarina.com.pa\/terminos-y-condiciones\/#breadcrumb","itemListElement":[{"@type":"ListItem","position":1,"name":"Inicio","item":"https:\/\/villamarina.com.pa\/"},{"@type":"ListItem","position":2,"name":"T\u00e9rminos y condiciones"}]},{"@type":"WebSite","@id":"https:\/\/villamarina.com.pa\/#website","url":"https:\/\/villamarina.com.pa\/","name":"Villa Marina - Playa Venao Panama","description":"Descubre Villa Marina en Playa Venao, Panam\u00e1. Hotel frente al mar con piscina, actividades y condos. Reserva tu estad\u00eda y vive una experiencia \u00fanica.","publisher":{"@id":"https:\/\/villamarina.com.pa\/#organization"},"potentialAction":[{"@type":"SearchAction","target":{"@type":"EntryPoint","urlTemplate":"https:\/\/villamarina.com.pa\/?s={search_term_string}"},"query-input":{"@type":"PropertyValueSpecification","valueRequired":true,"valueName":"search_term_string"}}],"inLanguage":"en-US"},{"@type":"Organization","@id":"https:\/\/villamarina.com.pa\/#organization","name":"Villa Marina - Playa Venao Panama","url":"https:\/\/villamarina.com.pa\/","logo":{"@type":"ImageObject","inLanguage":"en-US","@id":"https:\/\/villamarina.com.pa\/#\/schema\/logo\/image\/","url":"https:\/\/villamarina.com.pa\/wp-content\/uploads\/2025\/06\/VM_Logotipo_Hotel_RGB_1-S.png","contentUrl":"https:\/\/villamarina.com.pa\/wp-content\/uploads\/2025\/06\/VM_Logotipo_Hotel_RGB_1-S.png","width":2466,"height":1240,"caption":"Villa Marina - Playa Venao Panama"},"image":{"@id":"https:\/\/villamarina.com.pa\/#\/schema\/logo\/image\/"}}]}},"_links":{"self":[{"href":"https:\/\/villamarina.com.pa\/en\/wp-json\/wp\/v2\/pages\/160","targetHints":{"allow":["GET"]}}],"collection":[{"href":"https:\/\/villamarina.com.pa\/en\/wp-json\/wp\/v2\/pages"}],"about":[{"href":"https:\/\/villamarina.com.pa\/en\/wp-json\/wp\/v2\/types\/page"}],"author":[{"embeddable":true,"href":"https:\/\/villamarina.com.pa\/en\/wp-json\/wp\/v2\/users\/3"}],"replies":[{"embeddable":true,"href":"https:\/\/villamarina.com.pa\/en\/wp-json\/wp\/v2\/comments?post=160"}],"version-history":[{"count":1,"href":"https:\/\/villamarina.com.pa\/en\/wp-json\/wp\/v2\/pages\/160\/revisions"}],"predecessor-version":[{"id":161,"href":"https:\/\/villamarina.com.pa\/en\/wp-json\/wp\/v2\/pages\/160\/revisions\/161"}],"wp:attachment":[{"href":"https:\/\/villamarina.com.pa\/en\/wp-json\/wp\/v2\/media?parent=160"}],"curies":[{"name":"wp","href":"https:\/\/api.w.org\/{rel}","templated":true}]}}